{"id":237,"date":"2023-11-14T07:21:21","date_gmt":"2023-11-14T07:21:21","guid":{"rendered":"https:\/\/centrumoka.pl\/?page_id=237"},"modified":"2023-12-05T20:27:57","modified_gmt":"2023-12-05T20:27:57","slug":"rejestracja-on-line","status":"publish","type":"page","link":"https:\/\/centrumoka.pl\/?page_id=237","title":{"rendered":"Rejestracja ON-LINE"},"content":{"rendered":"\n<p class=\"has-text-align-center\"><\/p>\n\n\n\n<p class=\"has-text-align-center\">Niezale\u017cnie od mo\u017cliwo\u015bci rejestracji do poradni specjalistycznych na podstawie zg\u0142oszenia osobistego, telefonicznego oraz za po\u015brednictwem osoby trzeciej, Niepubliczny Zak\u0142ad Opieki Zdrowotnej Centrum Oka zapewnia Pacjentom rejestracj\u0119 do poradni specjalistycznych drog\u0105 elektroniczn\u0105.<\/p>\n\n\n\n<p class=\"has-text-align-center\">1. Rejestracja drog\u0105 elektroniczn\u0105 odbywa si\u0119 pod adresem e-mail: <a href=\"mailto:rejestracja@centrumoka.pl\"><strong>rejestracja@centrumoka.pl<\/strong><\/a><\/p>\n\n\n\n<p class=\"has-text-align-center\">2. W tre\u015bci e-maila nale\u017cy poda\u0107:<br>&#8211; imi\u0119 i nazwisko Pacjenta, jego PESEL lub dat\u0119 urodzenia,<br>&#8211; adres miejsca zamieszkania,<br>&#8211; nazw\u0119 poradni (chc\u0105c zarejestrowa\u0107 pacjenta do konkretnego lekarza z danej poradni nale\u017cy dodatkowo wpisa\u0107 jego nazwisko),<br>&#8211; czy jest to wizyta pierwszorazowa, czy kontynuacja leczenia,<br>&#8211; numer telefonu kontaktowego &#8211; na wypadek zmiany wizyty.<\/p>\n\n\n\n<p class=\"has-text-align-center\">3. Czas oczekiwania na odpowied\u017a wynosi ok. 3 dni roboczych<\/p>\n\n\n\n<p class=\"has-text-align-center\">4. Otrzymanie drog\u0105 elektroniczn\u0105 odpowiedzi z terminem jest r\u00f3wnoznaczne z zarejestrowaniem Pacjenta.<\/p>\n\n\n\n<p class=\"has-text-align-center\">5. Istnieje mo\u017cliwo\u015b\u0107 rejestracji tylko i wy\u0142\u0105cznie na jedn\u0105 wizyt\u0119 do danej poradni. Kolejna wizyta b\u0119dzie mo\u017cliwa po odbyciu zaplanowanej wizyty u lekarza, kt\u00f3ry decyduje o potrzebie nast\u0119pnej wizyty. Po wyj\u015bciu od lekarza Pacjent mo\u017ce zarejestrowa\u0107 si\u0119 na nast\u0119pn\u0105 wizyt\u0119 osobi\u015bcie w rejestracji poradni, telefonicznie lub drog\u0105 e-mail.<\/p>\n\n\n\n<p class=\"has-text-align-center\">6. W przypadku rezygnacji z um\u00f3wionej wizyty nale\u017cy j\u0105 wcze\u015bniej odwo\u0142a\u0107 osobi\u015bcie, telefonicznie lub drog\u0105 elektroniczn\u0105. Odwo\u0142uj\u0105c wizyt\u0119 mo\u017cna zapisa\u0107 si\u0119 na inny termin.<\/p>\n","protected":false},"excerpt":{"rendered":"<p>Niezale\u017cnie od mo\u017cliwo\u015bci rejestracji do poradni specjalistycznych na podstawie zg\u0142oszenia osobistego, telefonicznego oraz za po\u015brednictwem osoby trzeciej, Niepubliczny Zak\u0142ad Opieki Zdrowotnej Centrum Oka zapewnia Pacjentom rejestracj\u0119 do poradni specjalistycznych drog\u0105 &#8230;<\/p>\n","protected":false},"author":1,"featured_media":0,"parent":0,"menu_order":0,"comment_status":"closed","ping_status":"closed","template":"","meta":{"footnotes":""},"class_list":["post-237","page","type-page","status-publish","hentry"],"_links":{"self":[{"href":"https:\/\/centrumoka.pl\/index.php?rest_route=\/wp\/v2\/pages\/237","targetHints":{"allow":["GET"]}}],"collection":[{"href":"https:\/\/centrumoka.pl\/index.php?rest_route=\/wp\/v2\/pages"}],"about":[{"href":"https:\/\/centrumoka.pl\/index.php?rest_route=\/wp\/v2\/types\/page"}],"author":[{"embeddable":true,"href":"https:\/\/centrumoka.pl\/index.php?rest_route=\/wp\/v2\/users\/1"}],"replies":[{"embeddable":true,"href":"https:\/\/centrumoka.pl\/index.php?rest_route=%2Fwp%2Fv2%2Fcomments&post=237"}],"version-history":[{"count":4,"href":"https:\/\/centrumoka.pl\/index.php?rest_route=\/wp\/v2\/pages\/237\/revisions"}],"predecessor-version":[{"id":1307,"href":"https:\/\/centrumoka.pl\/index.php?rest_route=\/wp\/v2\/pages\/237\/revisions\/1307"}],"wp:attachment":[{"href":"https:\/\/centrumoka.pl\/index.php?rest_route=%2Fwp%2Fv2%2Fmedia&parent=237"}],"curies":[{"name":"wp","href":"https:\/\/api.w.org\/{rel}","templated":true}]}}