{"id":1284,"date":"2023-12-05T19:53:33","date_gmt":"2023-12-05T19:53:33","guid":{"rendered":"https:\/\/centrumoka.pl\/?page_id=1284"},"modified":"2023-12-05T20:11:15","modified_gmt":"2023-12-05T20:11:15","slug":"nasze-swiadczenia","status":"publish","type":"page","link":"https:\/\/centrumoka.pl\/?page_id=1284","title":{"rendered":""},"content":{"rendered":"\n<p class=\"has-text-align-center has-white-color has-vivid-green-cyan-background-color has-text-color has-background has-link-color has-medium-font-size wp-elements-2e00fd33209e315329d32a4d63204825\" style=\"letter-spacing:2px\"><strong>Poradnia Okulistyczna<\/strong><\/p>\n\n\n\n<p class=\"has-text-align-center has-small-font-size\" style=\"letter-spacing:2px\">&#8211; Us\u0142ugi w ramach kontraktu z Narodowym Funduszem Zdrowia.<\/p>\n\n\n\n<p class=\"has-text-align-center has-small-font-size\" style=\"letter-spacing:2px\">&#8211; <strong>Rejestracja:<\/strong> osobista, telefoniczna, <a href=\"http:\/\/www.centrumoka.pl\/?p=152\"><strong>ON-LINE<\/strong><\/a> oraz przez osoby drugie.<\/p>\n\n\n\n<p class=\"has-text-align-center has-small-font-size\" style=\"letter-spacing:2px\">&#8211; Certyfikat jako\u015bci ISO 9001:2008.<\/p>\n\n\n\n<p class=\"has-text-align-center has-small-font-size\" style=\"letter-spacing:2px\">&#8211; Diagnostyczny sprz\u0119t okulistyczny.<\/p>\n\n\n\n<hr class=\"wp-block-separator has-text-color has-vivid-green-cyan-color has-alpha-channel-opacity has-vivid-green-cyan-background-color has-background is-style-wide\"\/>\n\n\n\n<p class=\"has-text-align-center has-white-color has-vivid-green-cyan-background-color has-text-color has-background has-link-color has-medium-font-size wp-elements-4e3967ea948864b74bc544a98b85708d\" style=\"letter-spacing:2px\"><strong>Poradnia Leczenia Zeza<\/strong><\/p>\n\n\n\n<p class=\"has-text-align-center has-small-font-size\" style=\"letter-spacing:2px\">&#8211; <strong>Rejestracja:<\/strong> osobista, telefoniczna, <a href=\"http:\/\/www.centrumoka.pl\/?p=152\"><strong>ON-LINE<\/strong><\/a> oraz przez osoby drugie.<\/p>\n\n\n\n<p class=\"has-text-align-center has-small-font-size\" style=\"letter-spacing:2px\">&#8211; Diagnostyczny sprz\u0119t okulistyczny.<\/p>\n\n\n\n<p class=\"has-text-align-center has-small-font-size\" style=\"letter-spacing:2px\">&#8211; \u0106wiczenia pleoptyczne.<\/p>\n\n\n\n<p class=\"has-text-align-center has-small-font-size\" style=\"letter-spacing:2px\">&#8211; \u0106wiczenia ortoptyczne.<\/p>\n\n\n\n<p class=\"has-text-align-center has-small-font-size\" style=\"letter-spacing:2px\">&#8211; \u0106wiczenia mi\u0119\u015bni ocznych, np. po zabiegach operacyjnych.<\/p>\n\n\n\n<hr class=\"wp-block-separator has-text-color has-vivid-green-cyan-color has-alpha-channel-opacity has-vivid-green-cyan-background-color has-background is-style-wide\"\/>\n\n\n\n<p class=\"has-text-align-center has-white-color has-vivid-green-cyan-background-color has-text-color has-background has-link-color has-medium-font-size wp-elements-c4799bcd58cb6e50211305c10a97a3fa\" style=\"letter-spacing:2px\"><strong>Salon Optyczny<\/strong><\/p>\n\n\n\n<p class=\"has-text-align-center has-small-font-size\" style=\"letter-spacing:2px\">&#8211; Us\u0142ugi w ramach kontraktu z Narodowym Funduszem Zdrowia.<\/p>\n\n\n\n<p class=\"has-text-align-center has-small-font-size\" style=\"letter-spacing:2px\">&#8211; Szeroka oferta opraw okularowych.<\/p>\n\n\n\n<p class=\"has-text-align-center has-small-font-size\" style=\"letter-spacing:2px\">&#8211; Szeroka oferta soczewek okularowych.<\/p>\n\n\n\n<p class=\"has-text-align-center has-small-font-size\" style=\"letter-spacing:2px\">&#8211; Soczewki kontaktowe znanych firm.<\/p>\n\n\n\n<p class=\"has-text-align-center has-small-font-size\" style=\"letter-spacing:2px\">&#8211; Precyzyjny automat szlifierski i specjalistyczny sprz\u0119t optyczny.<\/p>\n\n\n\n<p class=\"has-text-align-center has-small-font-size\" style=\"letter-spacing:2px\">&#8211; Profesjonalna obs\u0142uga.<\/p>\n\n\n\n<p class=\"has-text-align-center has-small-font-size\" style=\"letter-spacing:2px\">&#8211; Kr\u00f3tkie terminy realizacji.<\/p>\n\n\n\n<hr class=\"wp-block-separator has-text-color has-vivid-green-cyan-color has-alpha-channel-opacity has-vivid-green-cyan-background-color has-background is-style-wide\"\/>\n","protected":false},"excerpt":{"rendered":"<p>Poradnia Okulistyczna &#8211; Us\u0142ugi w ramach kontraktu z Narodowym Funduszem Zdrowia. &#8211; Rejestracja: osobista, telefoniczna, ON-LINE oraz przez osoby drugie. &#8211; Certyfikat jako\u015bci ISO 9001:2008. &#8211; Diagnostyczny sprz\u0119t okulistyczny. Poradnia &#8230;<\/p>\n","protected":false},"author":1,"featured_media":0,"parent":0,"menu_order":0,"comment_status":"closed","ping_status":"closed","template":"","meta":{"footnotes":""},"class_list":["post-1284","page","type-page","status-publish","hentry"],"_links":{"self":[{"href":"https:\/\/centrumoka.pl\/index.php?rest_route=\/wp\/v2\/pages\/1284","targetHints":{"allow":["GET"]}}],"collection":[{"href":"https:\/\/centrumoka.pl\/index.php?rest_route=\/wp\/v2\/pages"}],"about":[{"href":"https:\/\/centrumoka.pl\/index.php?rest_route=\/wp\/v2\/types\/page"}],"author":[{"embeddable":true,"href":"https:\/\/centrumoka.pl\/index.php?rest_route=\/wp\/v2\/users\/1"}],"replies":[{"embeddable":true,"href":"https:\/\/centrumoka.pl\/index.php?rest_route=%2Fwp%2Fv2%2Fcomments&post=1284"}],"version-history":[{"count":9,"href":"https:\/\/centrumoka.pl\/index.php?rest_route=\/wp\/v2\/pages\/1284\/revisions"}],"predecessor-version":[{"id":1297,"href":"https:\/\/centrumoka.pl\/index.php?rest_route=\/wp\/v2\/pages\/1284\/revisions\/1297"}],"wp:attachment":[{"href":"https:\/\/centrumoka.pl\/index.php?rest_route=%2Fwp%2Fv2%2Fmedia&parent=1284"}],"curies":[{"name":"wp","href":"https:\/\/api.w.org\/{rel}","templated":true}]}}